{"id":3208,"date":"2015-08-09T23:51:16","date_gmt":"2015-08-09T23:51:16","guid":{"rendered":"https:\/\/galeriegalea.com\/contact\/"},"modified":"2015-08-09T23:51:16","modified_gmt":"2015-08-09T23:51:16","slug":"contact","status":"publish","type":"page","link":"https:\/\/galeriegalea.com\/en\/contact\/","title":{"rendered":"Contact"},"content":{"rendered":"<table border=\"0\" width=\"100%\" cellspacing=\"0\" cellpadding=\"0\">\n<tbody>\n<tr>\n<td rowspan=\"1\" valign=\"top\" width=\"10%\"><img loading=\"lazy\" decoding=\"async\" src=\"https:\/\/galeriegalea.com\/wp-content\/uploads\/2015\/08\/icon-phone.jpg\" alt=\"\" width=\"31\" height=\"48\" align=\"top\" \/><\/td>\n<td valign=\"top\" width=\"90%\">+33(0)6 07 26 90 47<\/td>\n<\/tr>\n<tr>\n<td colspan=\"5\"><\/td>\n<\/tr>\n<tr>\n<td rowspan=\"1\" valign=\"top\" width=\"10%\"><img loading=\"lazy\" decoding=\"async\" src=\"https:\/\/galeriegalea.com\/wp-content\/uploads\/2015\/08\/icon-email.jpg\" alt=\"\" width=\"31\" height=\"48\" align=\"top\" \/><\/td>\n<td valign=\"top\" width=\"90%\">Eric &amp; Val\u00e9rie Gal\u00e9a<br \/>\n<a href=\"mailto:galerie@galeriegalea.com?subject=Galerie Galea\">galerie(@)galeriegalea.com<\/a><\/td>\n<\/tr>\n<tr>\n<td colspan=\"5\"><\/td>\n<\/tr>\n<tr>\n<td rowspan=\"1\" valign=\"top\" width=\"10%\"><img loading=\"lazy\" decoding=\"async\" src=\"https:\/\/galeriegalea.com\/wp-content\/uploads\/2015\/08\/icon-location.jpg\" alt=\"\" width=\"31\" height=\"48\" \/><\/td>\n<td valign=\"top\" width=\"90%\">84220 BEAUMETTES<\/td>\n<\/tr>\n<tr>\n<td colspan=\"5\"><\/td>\n<\/tr>\n<tr>\n<td rowspan=\"1\" valign=\"top\" width=\"10%\"><img loading=\"lazy\" decoding=\"async\" src=\"https:\/\/galeriegalea.com\/wp-content\/uploads\/2015\/08\/icon-mail.jpg\" alt=\"\" width=\"31\" height=\"48\" \/><\/td>\n<td valign=\"top\" width=\"90%\">Galerie Eric &amp; Val\u00e9rie Gal\u00e9a<br \/>\nLe Village<br \/>\n84220 BEAUMETTES<\/td>\n<\/tr>\n<tr>\n<td colspan=\"5\"><\/td>\n<\/tr>\n<tr>\n<td rowspan=\"1\" valign=\"top\" width=\"10%\"><img loading=\"lazy\" decoding=\"async\" src=\"https:\/\/galeriegalea.com\/wp-content\/uploads\/2015\/08\/icon-hours.jpg\" alt=\"\" width=\"31\" height=\"48\" \/><\/td>\n<td valign=\"top\" width=\"90%\">by appointment only<\/td>\n<\/tr>\n<\/tbody>\n<\/table>\n","protected":false},"excerpt":{"rendered":"<p>+33(0)6 07 26 90 47 Eric &amp; Val\u00e9rie Gal\u00e9a galerie(@)galeriegalea.com 84220 BEAUMETTES Galerie Eric &amp; Val\u00e9rie Gal\u00e9a Le Village 84220 BEAUMETTES by appointment only<\/p>\n","protected":false},"author":1,"featured_media":0,"parent":0,"menu_order":0,"comment_status":"closed","ping_status":"closed","template":"","meta":{"_acf_changed":false,"footnotes":""},"class_list":["post-3208","page","type-page","status-publish","hentry"],"acf":[],"yoast_head":"<!-- This site is optimized with the Yoast SEO plugin v27.3 - https:\/\/yoast.com\/product\/yoast-seo-wordpress\/ -->\n<title>Contact - Galerie Galea<\/title>\n<meta name=\"robots\" content=\"index, follow, max-snippet:-1, max-image-preview:large, max-video-preview:-1\" \/>\n<link rel=\"canonical\" href=\"https:\/\/galeriegalea.com\/en\/contact\/\" \/>\n<meta property=\"og:locale\" content=\"en_US\" \/>\n<meta property=\"og:type\" content=\"article\" \/>\n<meta property=\"og:title\" content=\"Contact - Galerie Galea\" \/>\n<meta property=\"og:description\" content=\"+33(0)6 07 26 90 47 Eric &amp; Val\u00e9rie Gal\u00e9a galerie(@)galeriegalea.com 84220 BEAUMETTES Galerie Eric &amp; Val\u00e9rie Gal\u00e9a Le Village 84220 BEAUMETTES by appointment only\" \/>\n<meta property=\"og:url\" content=\"https:\/\/galeriegalea.com\/en\/contact\/\" \/>\n<meta property=\"og:site_name\" content=\"Galerie Galea\" \/>\n<meta property=\"og:image\" content=\"https:\/\/galeriegalea.com\/wp-content\/uploads\/2015\/08\/icon-phone.jpg\" \/>\n<meta name=\"twitter:card\" content=\"summary_large_image\" \/>\n<script type=\"application\/ld+json\" class=\"yoast-schema-graph\">{\"@context\":\"https:\\\/\\\/schema.org\",\"@graph\":[{\"@type\":\"WebPage\",\"@id\":\"https:\\\/\\\/galeriegalea.com\\\/en\\\/contact\\\/\",\"url\":\"https:\\\/\\\/galeriegalea.com\\\/en\\\/contact\\\/\",\"name\":\"Contact - Galerie Galea\",\"isPartOf\":{\"@id\":\"https:\\\/\\\/galeriegalea.com\\\/en\\\/#website\"},\"primaryImageOfPage\":{\"@id\":\"https:\\\/\\\/galeriegalea.com\\\/en\\\/contact\\\/#primaryimage\"},\"image\":{\"@id\":\"https:\\\/\\\/galeriegalea.com\\\/en\\\/contact\\\/#primaryimage\"},\"thumbnailUrl\":\"https:\\\/\\\/galeriegalea.com\\\/wp-content\\\/uploads\\\/2015\\\/08\\\/icon-phone.jpg\",\"datePublished\":\"2015-08-09T23:51:16+00:00\",\"breadcrumb\":{\"@id\":\"https:\\\/\\\/galeriegalea.com\\\/en\\\/contact\\\/#breadcrumb\"},\"inLanguage\":\"en-US\",\"potentialAction\":[{\"@type\":\"ReadAction\",\"target\":[\"https:\\\/\\\/galeriegalea.com\\\/en\\\/contact\\\/\"]}]},{\"@type\":\"ImageObject\",\"inLanguage\":\"en-US\",\"@id\":\"https:\\\/\\\/galeriegalea.com\\\/en\\\/contact\\\/#primaryimage\",\"url\":\"https:\\\/\\\/galeriegalea.com\\\/wp-content\\\/uploads\\\/2015\\\/08\\\/icon-phone.jpg\",\"contentUrl\":\"https:\\\/\\\/galeriegalea.com\\\/wp-content\\\/uploads\\\/2015\\\/08\\\/icon-phone.jpg\"},{\"@type\":\"BreadcrumbList\",\"@id\":\"https:\\\/\\\/galeriegalea.com\\\/en\\\/contact\\\/#breadcrumb\",\"itemListElement\":[{\"@type\":\"ListItem\",\"position\":1,\"name\":\"Accueil\",\"item\":\"https:\\\/\\\/galeriegalea.com\\\/en\\\/\"},{\"@type\":\"ListItem\",\"position\":2,\"name\":\"Contact\"}]},{\"@type\":\"WebSite\",\"@id\":\"https:\\\/\\\/galeriegalea.com\\\/en\\\/#website\",\"url\":\"https:\\\/\\\/galeriegalea.com\\\/en\\\/\",\"name\":\"Galerie Galea\",\"description\":\"\",\"potentialAction\":[{\"@type\":\"SearchAction\",\"target\":{\"@type\":\"EntryPoint\",\"urlTemplate\":\"https:\\\/\\\/galeriegalea.com\\\/en\\\/?s={search_term_string}\"},\"query-input\":{\"@type\":\"PropertyValueSpecification\",\"valueRequired\":true,\"valueName\":\"search_term_string\"}}],\"inLanguage\":\"en-US\"}]}<\/script>\n<!-- \/ Yoast SEO plugin. -->","yoast_head_json":{"title":"Contact - Galerie Galea","robots":{"index":"index","follow":"follow","max-snippet":"max-snippet:-1","max-image-preview":"max-image-preview:large","max-video-preview":"max-video-preview:-1"},"canonical":"https:\/\/galeriegalea.com\/en\/contact\/","og_locale":"en_US","og_type":"article","og_title":"Contact - Galerie Galea","og_description":"+33(0)6 07 26 90 47 Eric &amp; Val\u00e9rie Gal\u00e9a galerie(@)galeriegalea.com 84220 BEAUMETTES Galerie Eric &amp; Val\u00e9rie Gal\u00e9a Le Village 84220 BEAUMETTES by appointment only","og_url":"https:\/\/galeriegalea.com\/en\/contact\/","og_site_name":"Galerie Galea","og_image":[{"url":"https:\/\/galeriegalea.com\/wp-content\/uploads\/2015\/08\/icon-phone.jpg","type":"","width":"","height":""}],"twitter_card":"summary_large_image","schema":{"@context":"https:\/\/schema.org","@graph":[{"@type":"WebPage","@id":"https:\/\/galeriegalea.com\/en\/contact\/","url":"https:\/\/galeriegalea.com\/en\/contact\/","name":"Contact - Galerie Galea","isPartOf":{"@id":"https:\/\/galeriegalea.com\/en\/#website"},"primaryImageOfPage":{"@id":"https:\/\/galeriegalea.com\/en\/contact\/#primaryimage"},"image":{"@id":"https:\/\/galeriegalea.com\/en\/contact\/#primaryimage"},"thumbnailUrl":"https:\/\/galeriegalea.com\/wp-content\/uploads\/2015\/08\/icon-phone.jpg","datePublished":"2015-08-09T23:51:16+00:00","breadcrumb":{"@id":"https:\/\/galeriegalea.com\/en\/contact\/#breadcrumb"},"inLanguage":"en-US","potentialAction":[{"@type":"ReadAction","target":["https:\/\/galeriegalea.com\/en\/contact\/"]}]},{"@type":"ImageObject","inLanguage":"en-US","@id":"https:\/\/galeriegalea.com\/en\/contact\/#primaryimage","url":"https:\/\/galeriegalea.com\/wp-content\/uploads\/2015\/08\/icon-phone.jpg","contentUrl":"https:\/\/galeriegalea.com\/wp-content\/uploads\/2015\/08\/icon-phone.jpg"},{"@type":"BreadcrumbList","@id":"https:\/\/galeriegalea.com\/en\/contact\/#breadcrumb","itemListElement":[{"@type":"ListItem","position":1,"name":"Accueil","item":"https:\/\/galeriegalea.com\/en\/"},{"@type":"ListItem","position":2,"name":"Contact"}]},{"@type":"WebSite","@id":"https:\/\/galeriegalea.com\/en\/#website","url":"https:\/\/galeriegalea.com\/en\/","name":"Galerie Galea","description":"","potentialAction":[{"@type":"SearchAction","target":{"@type":"EntryPoint","urlTemplate":"https:\/\/galeriegalea.com\/en\/?s={search_term_string}"},"query-input":{"@type":"PropertyValueSpecification","valueRequired":true,"valueName":"search_term_string"}}],"inLanguage":"en-US"}]}},"_links":{"self":[{"href":"https:\/\/galeriegalea.com\/en\/wp-json\/wp\/v2\/pages\/3208","targetHints":{"allow":["GET"]}}],"collection":[{"href":"https:\/\/galeriegalea.com\/en\/wp-json\/wp\/v2\/pages"}],"about":[{"href":"https:\/\/galeriegalea.com\/en\/wp-json\/wp\/v2\/types\/page"}],"author":[{"embeddable":true,"href":"https:\/\/galeriegalea.com\/en\/wp-json\/wp\/v2\/users\/1"}],"replies":[{"embeddable":true,"href":"https:\/\/galeriegalea.com\/en\/wp-json\/wp\/v2\/comments?post=3208"}],"version-history":[{"count":0,"href":"https:\/\/galeriegalea.com\/en\/wp-json\/wp\/v2\/pages\/3208\/revisions"}],"wp:attachment":[{"href":"https:\/\/galeriegalea.com\/en\/wp-json\/wp\/v2\/media?parent=3208"}],"curies":[{"name":"wp","href":"https:\/\/api.w.org\/{rel}","templated":true}]}}